

{"id":10031,"date":"2020-05-03T09:00:40","date_gmt":"2020-05-03T08:00:40","guid":{"rendered":"https:\/\/www.eurosystems-spa.itprodotto\/z-3\/"},"modified":"2024-08-05T10:45:46","modified_gmt":"2024-08-05T09:45:46","slug":"z-3","status":"publish","type":"product","link":"https:\/\/www.eurosystems-spa.it\/de\/prodotto\/z-3\/","title":{"rendered":"Z3"},"content":{"rendered":"","protected":false},"excerpt":{"rendered":"<p>Die Motorhacke Z3 mit ihrem innovativen Design ist ideal f\u00fcr die Arbeit in Gem\u00fcseg\u00e4rten, Gew\u00e4chsh\u00e4usern oder kleinen G\u00e4rten. Das perfekte Verh\u00e4ltnis von Leistung und Gewicht sorgt f\u00fcr ein optimales Eindringen in den Boden, verhindert das Ph\u00e4nomen des H\u00fcpfens und macht die Arbeit des Bedieners effizienter. Z3 eignet sich perfekt f\u00fcr die Bearbeitung weicher und mittelkompakter B\u00f6den, aber auch f\u00fcr bisher ungepfl\u00fcgte Fl\u00e4chen. Ergonomisch und handlich, dank des klappbaren Holm l\u00e4sst sie sich platzsparend transportieren.<\/p>\n<p>&nbsp;<\/p>\n<p><em>3 Motoren verf\u00fcgbar<\/em><br \/>\n<em>Verwendung: Hobby<\/em><br \/>\n<em>Empfohlene Verwendung: mittelschweres Gel\u00e4nde, bis zu 250 m\u00b2<\/em><\/p>\n","protected":false},"featured_media":10254,"template":"","meta":{"_acf_changed":false,"inline_featured_image":false},"product_brand":[],"product_cat":[1981],"product_tag":[],"class_list":{"0":"post-10031","1":"product","2":"type-product","3":"status-publish","4":"has-post-thumbnail","6":"product_cat-motorhacken","8":"first","9":"instock","10":"featured","11":"shipping-taxable","12":"product-type-simple"},"acf":[],"aioseo_notices":[],"_links":{"self":[{"href":"https:\/\/www.eurosystems-spa.it\/de\/wp-json\/wp\/v2\/product\/10031","targetHints":{"allow":["GET"]}}],"collection":[{"href":"https:\/\/www.eurosystems-spa.it\/de\/wp-json\/wp\/v2\/product"}],"about":[{"href":"https:\/\/www.eurosystems-spa.it\/de\/wp-json\/wp\/v2\/types\/product"}],"wp:featuredmedia":[{"embeddable":true,"href":"https:\/\/www.eurosystems-spa.it\/de\/wp-json\/wp\/v2\/media\/10254"}],"wp:attachment":[{"href":"https:\/\/www.eurosystems-spa.it\/de\/wp-json\/wp\/v2\/media?parent=10031"}],"wp:term":[{"taxonomy":"product_brand","embeddable":true,"href":"https:\/\/www.eurosystems-spa.it\/de\/wp-json\/wp\/v2\/product_brand?post=10031"},{"taxonomy":"product_cat","embeddable":true,"href":"https:\/\/www.eurosystems-spa.it\/de\/wp-json\/wp\/v2\/product_cat?post=10031"},{"taxonomy":"product_tag","embeddable":true,"href":"https:\/\/www.eurosystems-spa.it\/de\/wp-json\/wp\/v2\/product_tag?post=10031"}],"curies":[{"name":"wp","href":"https:\/\/api.w.org\/{rel}","templated":true}]}}