

{"id":10030,"date":"2020-05-03T10:00:35","date_gmt":"2020-05-03T09:00:35","guid":{"rendered":"https:\/\/www.eurosystems-spa.itprodotto\/z-2\/"},"modified":"2024-08-05T10:10:58","modified_gmt":"2024-08-05T09:10:58","slug":"z-2","status":"publish","type":"product","link":"https:\/\/www.eurosystems-spa.it\/de\/prodotto\/z-2\/","title":{"rendered":"Z2"},"content":{"rendered":"","protected":false},"excerpt":{"rendered":"<p>Die leichte, kompakte und leistungsstarke Maschine Z2 ist eine Hobby-Motorhacke, die sich perfekt f\u00fcr die Arbeit in kleinen Gem\u00fcseg\u00e4rten und f\u00fcr die Pr\u00e4zisionsbearbeitung in engen Passagen eignet. Die einfache Handhabung, Zuverl\u00e4ssigkeit und au\u00dfergew\u00f6hnliche Geschicklichgkeit machen die Z2 zu einem der erfolgreichsten Modelle auf dem Markt des privaten Gartenbaus. Ideal f\u00fcr weiche und mittelkompakte B\u00f6den, kann auch auf lehmigen B\u00f6den ohne vorheriges Graben verwendet werden.<\/p>\n<p>&nbsp;<\/p>\n<p><em>2 Motorisierungen verf\u00fcgbar<\/em><br \/>\n<em>Verwendung: Hobby<\/em><br \/>\n<em>Empfohlene Verwendung: weicher\/mittelweicher Boden, bis zu 150 m\u00b2<\/em><\/p>\n","protected":false},"featured_media":10250,"template":"","meta":{"_acf_changed":false,"inline_featured_image":false},"product_brand":[],"product_cat":[1981],"product_tag":[],"class_list":{"0":"post-10030","1":"product","2":"type-product","3":"status-publish","4":"has-post-thumbnail","6":"product_cat-motorhacken","8":"first","9":"instock","10":"featured","11":"shipping-taxable","12":"product-type-simple"},"acf":[],"aioseo_notices":[],"_links":{"self":[{"href":"https:\/\/www.eurosystems-spa.it\/de\/wp-json\/wp\/v2\/product\/10030","targetHints":{"allow":["GET"]}}],"collection":[{"href":"https:\/\/www.eurosystems-spa.it\/de\/wp-json\/wp\/v2\/product"}],"about":[{"href":"https:\/\/www.eurosystems-spa.it\/de\/wp-json\/wp\/v2\/types\/product"}],"wp:featuredmedia":[{"embeddable":true,"href":"https:\/\/www.eurosystems-spa.it\/de\/wp-json\/wp\/v2\/media\/10250"}],"wp:attachment":[{"href":"https:\/\/www.eurosystems-spa.it\/de\/wp-json\/wp\/v2\/media?parent=10030"}],"wp:term":[{"taxonomy":"product_brand","embeddable":true,"href":"https:\/\/www.eurosystems-spa.it\/de\/wp-json\/wp\/v2\/product_brand?post=10030"},{"taxonomy":"product_cat","embeddable":true,"href":"https:\/\/www.eurosystems-spa.it\/de\/wp-json\/wp\/v2\/product_cat?post=10030"},{"taxonomy":"product_tag","embeddable":true,"href":"https:\/\/www.eurosystems-spa.it\/de\/wp-json\/wp\/v2\/product_tag?post=10030"}],"curies":[{"name":"wp","href":"https:\/\/api.w.org\/{rel}","templated":true}]}}