

{"id":10024,"date":"2020-05-03T11:26:59","date_gmt":"2020-05-03T10:26:59","guid":{"rendered":"https:\/\/www.eurosystems-spa.itprodotto\/z1\/"},"modified":"2026-04-08T08:11:09","modified_gmt":"2026-04-08T07:11:09","slug":"z1","status":"publish","type":"product","link":"https:\/\/www.eurosystems-spa.it\/de\/prodotto\/z1\/","title":{"rendered":"Z1"},"content":{"rendered":"","protected":false},"excerpt":{"rendered":"<p>Elektrische Design-Motorhacke, leicht, leise, solide und extrem wendig. Z1 eignet sich besonders f\u00fcr gelegentliche Pr\u00e4zisionsbearbeitungen oder f\u00fcr den Einsatz auf teilgefr\u00e4sten B\u00f6den. Der 900-Watt-Elektromotor und das ausgewogene Verh\u00e4ltnis von Gewicht zu Leistung garantieren eine ausgezeichnete Durchdringung von lockeren B\u00f6den und eine gute Durchdringung von mittelkompakten B\u00f6den. Durch das optionale Frontgewicht ist es m\u00f6glich, die Bodendurchdringung und die Arbeitserleichterung zu erh\u00f6hen. Dank der hohen Qualit\u00e4t der verwendeten Materialien und der niedrigen Kosten bietet dieses Modell das beste Preis-Leistungs-Verh\u00e4ltnis auf dem Markt.<\/p>\n<p>&nbsp;<\/p>\n<p><em>Motor: elektrisch<\/em><br \/>\n<em>Verwendung: Amateur <\/em><br \/>\n<em>Empfohlene Verwendung: weicher Boden, bis zu 100 m\u00b2<\/em><\/p>\n","protected":false},"featured_media":10230,"template":"","meta":{"_acf_changed":false,"inline_featured_image":false},"product_brand":[],"product_cat":[1981],"product_tag":[],"class_list":{"0":"post-10024","1":"product","2":"type-product","3":"status-publish","4":"has-post-thumbnail","6":"product_cat-motorhacken","8":"first","9":"instock","10":"featured","11":"shipping-taxable","12":"product-type-simple"},"acf":[],"aioseo_notices":[],"_links":{"self":[{"href":"https:\/\/www.eurosystems-spa.it\/de\/wp-json\/wp\/v2\/product\/10024","targetHints":{"allow":["GET"]}}],"collection":[{"href":"https:\/\/www.eurosystems-spa.it\/de\/wp-json\/wp\/v2\/product"}],"about":[{"href":"https:\/\/www.eurosystems-spa.it\/de\/wp-json\/wp\/v2\/types\/product"}],"wp:featuredmedia":[{"embeddable":true,"href":"https:\/\/www.eurosystems-spa.it\/de\/wp-json\/wp\/v2\/media\/10230"}],"wp:attachment":[{"href":"https:\/\/www.eurosystems-spa.it\/de\/wp-json\/wp\/v2\/media?parent=10024"}],"wp:term":[{"taxonomy":"product_brand","embeddable":true,"href":"https:\/\/www.eurosystems-spa.it\/de\/wp-json\/wp\/v2\/product_brand?post=10024"},{"taxonomy":"product_cat","embeddable":true,"href":"https:\/\/www.eurosystems-spa.it\/de\/wp-json\/wp\/v2\/product_cat?post=10024"},{"taxonomy":"product_tag","embeddable":true,"href":"https:\/\/www.eurosystems-spa.it\/de\/wp-json\/wp\/v2\/product_tag?post=10024"}],"curies":[{"name":"wp","href":"https:\/\/api.w.org\/{rel}","templated":true}]}}