

{"id":9975,"date":"2016-07-15T08:40:59","date_gmt":"2016-07-15T08:40:59","guid":{"rendered":"https:\/\/www.eurosystems-spa.itblog\/"},"modified":"2024-05-27T16:28:22","modified_gmt":"2024-05-27T15:28:22","slug":"blog","status":"publish","type":"page","link":"https:\/\/www.eurosystems-spa.it\/de\/blog\/","title":{"rendered":"Neuheit"},"content":{"rendered":"<p>[vc_row css=&#8221;.vc_custom_1552663915559{margin-top: 45px !important;}&#8221;][vc_column]<div class=\"porto-blog wpb_content_element \">\n\t\t<div class=\"blog-posts posts-grid blog-posts-related\">\n\t\t\t<div class=\"posts-container row\">\n\n\t\n\t\n<article class=\"post post-grid col-md-6 col-lg-4 post-title-simple post-14731 post type-post status-publish format-standard has-post-thumbnail hentry category-news-de tag-attrezzature-professionali-de tag-green-branche tag-grunpflege tag-losungen-fur-profis tag-professionelle-gerate-fur-den-grunbereich\">\n<div class=\"post-item post-title-simple\">\n\t\t<a href=\"https:\/\/www.eurosystems-spa.it\/de\/news-de\/m410-das-neue-flaggschiff-von-eurosystems\/\"> <span class=\"post-image thumb-info thumb-info-hide-wrapper-bg m-b-md\"> <span class=\"thumb-info-wrapper\"> <img loading=\"lazy\" decoding=\"async\" class=\"img-responsive\" width=\"450\" height=\"350\" src=\"https:\/\/www.eurosystems-spa.it\/wp-content\/uploads\/2026\/01\/B_M410_L224_sx-450x350.jpg\" alt=\"\" \/>\n\t\t\t<span class=\"zoom\" data-src=\"https:\/\/www.eurosystems-spa.it\/wp-content\/uploads\/2026\/01\/B_M410_L224_sx.jpg\" data-title=\"\"><i class=\"fa fa-search\"><\/i><\/span>\n\t\t<\/span> <\/span> <\/a>\n\t\t\t<div class=\"post-date\">\n\t\t\t\t<span class=\"day\">17<\/span>\n\t\t<span class=\"month\">Apr.<\/span>\n\t\t\t<\/div>\n\t\t\t<h4><a href=\"https:\/\/www.eurosystems-spa.it\/de\/news-de\/m410-das-neue-flaggschiff-von-eurosystems\/\">\n\t\tM410: das neue Flaggschiff von Eurosystems\t<\/a><\/h4>\n\t\t<p>&nbsp;<br \/>\nEurosystems pr\u00e4sentiert den M410, den leistungsst\u00e4rksten und leistungsf\u00e4higsten Motorm\u00e4her der Produktpalette.Entwickelt f\u00fcr anspruchsvollste Anwender, bietet er maximale Produktivit\u00e4t dank... <\/p>\n <a class=\"read-more\" href=\"https:\/\/www.eurosystems-spa.it\/de\/news-de\/m410-das-neue-flaggschiff-von-eurosystems\/\">read more <i class=\"fa fa-angle-right\"><\/i><\/a> <\/div>\n<\/article>\n\n<article class=\"post post-grid col-md-6 col-lg-4 post-title-simple post-14541 post type-post status-publish format-standard has-post-thumbnail hentry category-news-de tag-attrezzature-professionali-de tag-green-branche tag-grunpflege tag-kit-allargamento-carreggiata-de tag-losungen-fur-profis tag-multi-attrezzo-de tag-professionelle-gerate-fur-den-grunbereich\">\n<div class=\"post-item post-title-simple\">\n\t\t<a href=\"https:\/\/www.eurosystems-spa.it\/de\/news-de\/kit_allargamento_carreggiata\/\"> <span class=\"post-image thumb-info thumb-info-hide-wrapper-bg m-b-md\"> <span class=\"thumb-info-wrapper\"> <img loading=\"lazy\" decoding=\"async\" class=\"img-responsive\" width=\"450\" height=\"350\" src=\"https:\/\/www.eurosystems-spa.it\/wp-content\/uploads\/2026\/03\/B_OPT_P70evo_allargamentocarreggiata-450x350.jpg\" alt=\"\" \/>\n\t\t\t<span class=\"zoom\" data-src=\"https:\/\/www.eurosystems-spa.it\/wp-content\/uploads\/2026\/03\/B_OPT_P70evo_allargamentocarreggiata.jpg\" data-title=\"\"><i class=\"fa fa-search\"><\/i><\/span>\n\t\t<\/span> <\/span> <\/a>\n\t\t\t<div class=\"post-date\">\n\t\t\t\t<span class=\"day\">09<\/span>\n\t\t<span class=\"month\">M\u00e4rz<\/span>\n\t\t\t<\/div>\n\t\t\t<h4><a href=\"https:\/\/www.eurosystems-spa.it\/de\/news-de\/kit_allargamento_carreggiata\/\">\n\t\tMehr Stabilit\u00e4t, mehr Sicherheit: das neue Spurverbreiterungs-Kit f\u00fcr P70evo\t<\/a><\/h4>\n\t\t<p>&nbsp;<br \/>\nEine L\u00f6sung zur Verbesserung der Stabilit\u00e4t des P70evo mit Sichel-Mulchm\u00e4hwerk und Freischneider beim Arbeiten auf Hanglagen.<\/p>\n<p>Arbeiten an H\u00e4ngen wird... <\/p>\n <a class=\"read-more\" href=\"https:\/\/www.eurosystems-spa.it\/de\/news-de\/kit_allargamento_carreggiata\/\">read more <i class=\"fa fa-angle-right\"><\/i><\/a> <\/div>\n<\/article>\n\n<article class=\"post post-grid col-md-6 col-lg-4 post-title-simple post-14518 post type-post status-publish format-standard has-post-thumbnail hentry category-news-de tag-gartenbau-und-florovivaismus tag-green-branche tag-grunpflege tag-innovation-im-grunsektor tag-kunstrasen tag-losungen-fur-profis tag-myplant-garden-2026-de tag-professionelle-gerate-fur-den-grunbereich\">\n<div class=\"post-item post-title-simple\">\n\t\t<a href=\"https:\/\/www.eurosystems-spa.it\/de\/news-de\/myplant-garden-2026-treffpunkt-in-mailand-fuer-fachleute-des-professionellen-gruensektors\/\"> <span class=\"post-image thumb-info thumb-info-hide-wrapper-bg m-b-md\"> <span class=\"thumb-info-wrapper\"> <img loading=\"lazy\" decoding=\"async\" class=\"img-responsive\" width=\"450\" height=\"350\" src=\"https:\/\/www.eurosystems-spa.it\/wp-content\/uploads\/2026\/02\/800x800-ITA-450x350.jpg\" alt=\"\" \/>\n\t\t\t<span class=\"zoom\" data-src=\"https:\/\/www.eurosystems-spa.it\/wp-content\/uploads\/2026\/02\/800x800-ITA.jpg\" data-title=\"\"><i class=\"fa fa-search\"><\/i><\/span>\n\t\t<\/span> <\/span> <\/a>\n\t\t\t<div class=\"post-date\">\n\t\t\t\t<span class=\"day\">04<\/span>\n\t\t<span class=\"month\">Feb.<\/span>\n\t\t\t<\/div>\n\t\t\t<h4><a href=\"https:\/\/www.eurosystems-spa.it\/de\/news-de\/myplant-garden-2026-treffpunkt-in-mailand-fuer-fachleute-des-professionellen-gruensektors\/\">\n\t\tMyplant &amp; Garden 2026: Treffpunkt in Mailand f\u00fcr Fachleute des professionellen Gr\u00fcnsektors\t<\/a><\/h4>\n\t\t<p>Myplant &amp; Garden ist jedes Jahr ein zentraler Bezugspunkt f\u00fcr den professionellen Gr\u00fcnsektor \u2013 ein Umfeld, in dem Innovation,... <\/p>\n <a class=\"read-more\" href=\"https:\/\/www.eurosystems-spa.it\/de\/news-de\/myplant-garden-2026-treffpunkt-in-mailand-fuer-fachleute-des-professionellen-gruensektors\/\">read more <i class=\"fa fa-angle-right\"><\/i><\/a> <\/div>\n<\/article>\n\n<article class=\"post post-grid col-md-6 col-lg-4 post-title-simple post-10645 post type-post status-publish format-standard has-post-thumbnail hentry category-news-de\">\n<div class=\"post-item post-title-simple\">\n\t\t<a href=\"https:\/\/www.eurosystems-spa.it\/de\/news-de\/die-kunst-der-verbesserung-neue-linie-von-sichelmulchmaehern\/\"> <span class=\"post-image thumb-info thumb-info-hide-wrapper-bg m-b-md\"> <span class=\"thumb-info-wrapper\"> <img loading=\"lazy\" decoding=\"async\" class=\"img-responsive\" width=\"450\" height=\"350\" src=\"https:\/\/www.eurosystems-spa.it\/wp-content\/uploads\/2024\/06\/Flyer-Falciatutto_cover-450x350.jpg\" alt=\"\" \/>\n\t\t\t<span class=\"zoom\" data-src=\"https:\/\/www.eurosystems-spa.it\/wp-content\/uploads\/2024\/06\/Flyer-Falciatutto_cover.jpg\" data-title=\"\"><i class=\"fa fa-search\"><\/i><\/span>\n\t\t<\/span> <\/span> <\/a>\n\t\t\t<div class=\"post-date\">\n\t\t\t\t<span class=\"day\">04<\/span>\n\t\t<span class=\"month\">Juni<\/span>\n\t\t\t<\/div>\n\t\t\t<h4><a href=\"https:\/\/www.eurosystems-spa.it\/de\/news-de\/die-kunst-der-verbesserung-neue-linie-von-sichelmulchmaehern\/\">\n\t\tDie Kunst der Verbesserung! Neue Linie von Sichelmulchm\u00e4hern\t<\/a><\/h4>\n\t\t <a class=\"read-more\" href=\"https:\/\/www.eurosystems-spa.it\/de\/news-de\/die-kunst-der-verbesserung-neue-linie-von-sichelmulchmaehern\/\">read more <i class=\"fa fa-angle-right\"><\/i><\/a> <\/div>\n<\/article>\n\n<article class=\"post post-grid col-md-6 col-lg-4 post-title-simple post-10051 post type-post status-publish format-standard has-post-thumbnail hentry category-news-de\">\n<div class=\"post-item post-title-simple\">\n\t\t<a href=\"https:\/\/www.eurosystems-spa.it\/de\/news-de\/il-nostro-campo-tra-tradizione-e-futuro\/\"> <span class=\"post-image thumb-info thumb-info-hide-wrapper-bg m-b-md\"> <span class=\"thumb-info-wrapper\"> <img loading=\"lazy\" decoding=\"async\" class=\"img-responsive\" width=\"450\" height=\"350\" src=\"https:\/\/www.eurosystems-spa.it\/wp-content\/uploads\/2023\/10\/06_Bags-450x350.jpg\" alt=\"\" \/>\n\t\t\t<span class=\"zoom\" data-src=\"https:\/\/www.eurosystems-spa.it\/wp-content\/uploads\/2023\/10\/06_Bags.jpg\" data-title=\"\"><i class=\"fa fa-search\"><\/i><\/span>\n\t\t<\/span> <\/span> <\/a>\n\t\t\t<div class=\"post-date\">\n\t\t\t\t<span class=\"day\">03<\/span>\n\t\t<span class=\"month\">Okt.<\/span>\n\t\t\t<\/div>\n\t\t\t<h4><a href=\"https:\/\/www.eurosystems-spa.it\/de\/news-de\/il-nostro-campo-tra-tradizione-e-futuro\/\">\n\t\tIl nostro campo tra tradizione e futuro\t<\/a><\/h4>\n\t\t<p>&nbsp;<br \/>\nIL NOSTRO CAMPO TRA TRADIZIONE E FUTURO<br \/>\nAl termine della prima settimana di settembre ha avuto luogo l\u2019evento 2023 di... <\/p>\n <a class=\"read-more\" href=\"https:\/\/www.eurosystems-spa.it\/de\/news-de\/il-nostro-campo-tra-tradizione-e-futuro\/\">read more <i class=\"fa fa-angle-right\"><\/i><\/a> <\/div>\n<\/article>\n\n<article class=\"post post-grid col-md-6 col-lg-4 post-title-simple post-10053 post type-post status-publish format-standard has-post-thumbnail hentry category-news-de\">\n<div class=\"post-item post-title-simple\">\n\t\t<a href=\"https:\/\/www.eurosystems-spa.it\/de\/news-de\/50-anniversario-di-eurosystems\/\"> <span class=\"post-image thumb-info thumb-info-hide-wrapper-bg m-b-md\"> <span class=\"thumb-info-wrapper\"> <img loading=\"lazy\" decoding=\"async\" class=\"img-responsive\" width=\"450\" height=\"350\" src=\"https:\/\/www.eurosystems-spa.it\/wp-content\/uploads\/2023\/06\/News_IT-450x350.jpg\" alt=\"\" \/>\n\t\t\t<span class=\"zoom\" data-src=\"https:\/\/www.eurosystems-spa.it\/wp-content\/uploads\/2023\/06\/News_IT.jpg\" data-title=\"\"><i class=\"fa fa-search\"><\/i><\/span>\n\t\t<\/span> <\/span> <\/a>\n\t\t\t<div class=\"post-date\">\n\t\t\t\t<span class=\"day\">27<\/span>\n\t\t<span class=\"month\">Juni<\/span>\n\t\t\t<\/div>\n\t\t\t<h4><a href=\"https:\/\/www.eurosystems-spa.it\/de\/news-de\/50-anniversario-di-eurosystems\/\">\n\t\t50\u00b0 anniversario di Eurosystems\t<\/a><\/h4>\n\t\t<p>1973-2023<br \/>\nMolte le novit\u00e0 per celebrare i nostri primi 50 anni :<br \/>\nNuovo Logo,<br \/>\nNuova Veste Grafica,<br \/>\nNuovi Prodotti<br \/>\ne Tanti Investimenti<br \/>\nA breve Tutte... <\/p>\n <a class=\"read-more\" href=\"https:\/\/www.eurosystems-spa.it\/de\/news-de\/50-anniversario-di-eurosystems\/\">read more <i class=\"fa fa-angle-right\"><\/i><\/a> <\/div>\n<\/article>\n\n<article class=\"post post-grid col-md-6 col-lg-4 post-title-simple post-10054 post type-post status-publish format-standard has-post-thumbnail hentry category-news-de\">\n<div class=\"post-item post-title-simple\">\n\t\t<a href=\"https:\/\/www.eurosystems-spa.it\/de\/news-de\/deco90-la-soluzione-eurosystems-per-il-prato-sintetico\/\"> <span class=\"post-image thumb-info thumb-info-hide-wrapper-bg m-b-md\"> <span class=\"thumb-info-wrapper\"> <img loading=\"lazy\" decoding=\"async\" class=\"img-responsive\" width=\"450\" height=\"350\" src=\"https:\/\/www.eurosystems-spa.it\/wp-content\/uploads\/2023\/06\/6-450x350.jpg\" alt=\"\" \/>\n\t\t\t<span class=\"zoom\" data-src=\"https:\/\/www.eurosystems-spa.it\/wp-content\/uploads\/2023\/06\/6.jpg\" data-title=\"\"><i class=\"fa fa-search\"><\/i><\/span>\n\t\t<\/span> <\/span> <\/a>\n\t\t\t<div class=\"post-date\">\n\t\t\t\t<span class=\"day\">05<\/span>\n\t\t<span class=\"month\">Juni<\/span>\n\t\t\t<\/div>\n\t\t\t<h4><a href=\"https:\/\/www.eurosystems-spa.it\/de\/news-de\/deco90-la-soluzione-eurosystems-per-il-prato-sintetico\/\">\n\t\tDECO90! LA SOLUZIONE EUROSYSTEMS PER IL PRATO SINTETICO\t<\/a><\/h4>\n\t\t<p>La Deco90 \u00e8 una macchina dedicata alla spazzolatura ed alla decompattazione dei prati sintetici. Gli esperti del settore consigliano... <\/p>\n <a class=\"read-more\" href=\"https:\/\/www.eurosystems-spa.it\/de\/news-de\/deco90-la-soluzione-eurosystems-per-il-prato-sintetico\/\">read more <i class=\"fa fa-angle-right\"><\/i><\/a> <\/div>\n<\/article>\n\n\t\n\t\t\t<\/div>\n\t\t<\/div>\n\n\t\n\t\t\t\t\n\t<\/div>[\/vc_column][\/vc_row]<\/p>\n","protected":false},"excerpt":{"rendered":"<p>[vc_row css=&#8221;.vc_custom_1552663915559{margin-top: 45px !important;}&#8221;][vc_column][\/vc_column][\/vc_row]<\/p>\n","protected":false},"author":7,"featured_media":0,"parent":0,"menu_order":0,"comment_status":"closed","ping_status":"closed","template":"","meta":{"_acf_changed":false,"inline_featured_image":false,"footnotes":""},"class_list":["post-9975","page","type-page","status-publish","hentry"],"acf":[],"aioseo_notices":[],"_links":{"self":[{"href":"https:\/\/www.eurosystems-spa.it\/de\/wp-json\/wp\/v2\/pages\/9975","targetHints":{"allow":["GET"]}}],"collection":[{"href":"https:\/\/www.eurosystems-spa.it\/de\/wp-json\/wp\/v2\/pages"}],"about":[{"href":"https:\/\/www.eurosystems-spa.it\/de\/wp-json\/wp\/v2\/types\/page"}],"author":[{"embeddable":true,"href":"https:\/\/www.eurosystems-spa.it\/de\/wp-json\/wp\/v2\/users\/7"}],"replies":[{"embeddable":true,"href":"https:\/\/www.eurosystems-spa.it\/de\/wp-json\/wp\/v2\/comments?post=9975"}],"version-history":[{"count":2,"href":"https:\/\/www.eurosystems-spa.it\/de\/wp-json\/wp\/v2\/pages\/9975\/revisions"}],"predecessor-version":[{"id":10595,"href":"https:\/\/www.eurosystems-spa.it\/de\/wp-json\/wp\/v2\/pages\/9975\/revisions\/10595"}],"wp:attachment":[{"href":"https:\/\/www.eurosystems-spa.it\/de\/wp-json\/wp\/v2\/media?parent=9975"}],"curies":[{"name":"wp","href":"https:\/\/api.w.org\/{rel}","templated":true}]}}