

{"id":9949,"date":"2016-07-18T00:39:07","date_gmt":"2016-07-18T00:39:07","guid":{"rendered":"https:\/\/www.eurosystems-spa.itchi-siamo\/"},"modified":"2025-09-12T10:36:57","modified_gmt":"2025-09-12T09:36:57","slug":"chi-siamo","status":"publish","type":"page","link":"https:\/\/www.eurosystems-spa.it\/de\/chi-siamo\/","title":{"rendered":"\u00dcBER UNS"},"content":{"rendered":"<p>[vc_row][vc_column][vc_column_text css=&#8221;.vc_custom_1720079080480{margin-bottom: 0px !important;}&#8221;]<\/p>\n<h3>THE FUTURE DOWN TO EARTH<\/h3>\n<p>Unser Handwerk entwickelt sich st\u00e4ndig weiter.<\/p>\n<p>Wir bauen langlebige und einfach zu bedienende Maschinen, um verschiedene Generationen an die Gartenarbeit und die Landwirtschaft heranzuf\u00fchren.<\/p>\n<p>Die Gartenarbeiten sollen f\u00fcr jedermann erleichtert und zug\u00e4nglich werden, genau wie der Zugang zur Natur.<\/p>\n<p>Unsere Produkte entstehen in Italien und erreichen viele Orte auf der ganzen Welt: So kommt ein St\u00fcck unserer emilianischen Geschichte in den Garten oder den Betrieb eines Kunden der unsere Leidenschaft teilt.<\/p>\n<p>Alles begann vor 50 Jahren in Luzzara, in der Provinz Reggio Emilia, wo schon unsere V\u00e4ter die Felder bearbeiteten und auch wir das erlenten. Hier fing unsere Geschichte an und von hier aus wird sie weiterwachsen.[\/vc_column_text][vc_empty_space][vc_separator color=&#8221;custom&#8221; accent_color=&#8221;#008a70&#8243;][\/vc_column][\/vc_row][vc_row full_width=&#8221;stretch_row_content_no_spaces&#8221; gap=&#8221;35&#8243; equal_height=&#8221;yes&#8221; content_placement=&#8221;middle&#8221; wrap_container=&#8221;yes&#8221; is_section=&#8221;yes&#8221; section_skin=&#8221;parallax&#8221; remove_margin_top=&#8221;yes&#8221; remove_margin_bottom=&#8221;yes&#8221; remove_padding_top=&#8221;yes&#8221; remove_padding_bottom=&#8221;yes&#8221; remove_border=&#8221;yes&#8221; css=&#8221;.vc_custom_1585645247710{padding-top: 40px !important;padding-bottom: 50px !important;}&#8221;][vc_column width=&#8221;1\/4&#8243; remove_margin_bottom=&#8221;yes&#8221; remove_padding_bottom=&#8221;yes&#8221;][vc_column_text css=&#8221;.vc_custom_1586856010250{margin-bottom: 0px !important;}&#8221;]<\/p>\n<h4 style=\"text-align: center; margin-bottom: 0px;\"><em><span style=\"color: #af2b1f;\">Seit<\/span><\/em><\/h4>\n<h3 style=\"text-align: center; margin-bottom: 0px;\"><em><span style=\"color: #af2b1f;\">1973<\/span><\/em><\/h3>\n<p>[\/vc_column_text][\/vc_column][vc_column width=&#8221;3\/4&#8243; css=&#8221;.vc_custom_1687852167390{border-left-width: 1px !important;padding-left: 30px !important;border-left-color: #008a70 !important;border-left-style: solid !important;}&#8221;][vc_column_text css=&#8221;.vc_custom_1720079057250{margin-bottom: 0px !important;}&#8221;]<\/p>\n<h3>LANDWIRTE AUS LEIDENSCHAFT<\/h3>\n<p>Unser Unternehmen wurde 1973 in Luzzara gegr\u00fcndet, einem Dorf am Flussufer der Poebene in der Provinz Reggio Emilia. Hier haben Generationen von Kleinbauern und Landwirten ihre unausl\u00f6schlichen Spuren von harter Arbeit, Hunger und Beharrlichkeit im Boden hinterlassen.<\/p>\n<p>Durch unsere Hingabe und unsere T\u00e4tigkeit m\u00f6chten wir sowohl jungen als auch \u00e4lteren Generationen die Welt der Gartenarbeit n\u00e4herbringen. Wir entwickeln L\u00f6sungen und Maschinen, die die Arbeit des Menschen erleichtert und auf Langlebigkeit ausgelegt sind.[\/vc_column_text][\/vc_column][\/vc_row][vc_row full_width=&#8221;stretch_row_content_no_spaces&#8221; gap=&#8221;35&#8243; equal_height=&#8221;yes&#8221; content_placement=&#8221;middle&#8221; wrap_container=&#8221;yes&#8221; is_section=&#8221;yes&#8221; section_skin=&#8221;parallax&#8221; remove_margin_top=&#8221;yes&#8221; remove_margin_bottom=&#8221;yes&#8221; remove_padding_top=&#8221;yes&#8221; remove_padding_bottom=&#8221;yes&#8221; remove_border=&#8221;yes&#8221; css=&#8221;.vc_custom_1585645247710{padding-top: 40px !important;padding-bottom: 50px !important;}&#8221;][vc_column width=&#8221;1\/4&#8243; remove_margin_bottom=&#8221;yes&#8221; remove_padding_bottom=&#8221;yes&#8221;][vc_column_text css=&#8221;.vc_custom_1586856015075{margin-bottom: 0px !important;}&#8221;]<\/p>\n<h4 style=\"text-align: center; margin-bottom: 0px;\"><em><span style=\"color: #af2b1f;\">Made in<\/span><\/em><\/h4>\n<h3 style=\"text-align: center; margin-bottom: 0px;\"><em><span style=\"color: #af2b1f;\">ITALY<\/span><\/em><\/h3>\n<p>[\/vc_column_text][\/vc_column][vc_column width=&#8221;3\/4&#8243; css=&#8221;.vc_custom_1687852174723{border-left-width: 1px !important;padding-left: 30px !important;border-left-color: #008a70 !important;border-left-style: solid !important;}&#8221;][vc_column_text css=&#8221;.vc_custom_1720079043833{margin-bottom: 0px !important;}&#8221;]<\/p>\n<h3>ITALIENISCHE PRODUKTION<\/h3>\n<p>Anstatt die Produktionsprozesse zu verlagern und zu dezentralisieren, zogen wir es vor, eine lokale Produktion beizubehalten und eine umfassende Kontrolle \u00fcber Rohstoffe und alle durchgef\u00fchrten Arbeiten zu gew\u00e4hrleisten.<\/p>\n<p>Wir wenden industrielle Verfahren auf eine Arbeit an, die in vielerlei Hinsicht immer noch handwerklich ist. Unsere Abteilungen f\u00fcr Produktion, Forschung und Entwicklung, Prototypenbau, Lackierung und Roboterschwei\u00dfen sind darauf ausgerichtet, die internationale Nachfrage zu bedienen und kontinuierlich neue Innovationen zu entwickeln.<\/p>\n<p>Im Laufe der Jahre haben wir die Lackier- und Schwei\u00dfprozesse internalisiert, so dass wir eine bessere Kontrolle \u00fcber die Qualit\u00e4t unserer Maschinenstrukturen haben.[\/vc_column_text][\/vc_column][\/vc_row][vc_row full_width=&#8221;stretch_row_content_no_spaces&#8221; gap=&#8221;35&#8243; equal_height=&#8221;yes&#8221; content_placement=&#8221;middle&#8221; wrap_container=&#8221;yes&#8221; is_section=&#8221;yes&#8221; section_skin=&#8221;parallax&#8221; remove_margin_top=&#8221;yes&#8221; remove_margin_bottom=&#8221;yes&#8221; remove_padding_top=&#8221;yes&#8221; remove_padding_bottom=&#8221;yes&#8221; remove_border=&#8221;yes&#8221; css=&#8221;.vc_custom_1585645247710{padding-top: 40px !important;padding-bottom: 50px !important;}&#8221;][vc_column width=&#8221;1\/4&#8243; remove_margin_bottom=&#8221;yes&#8221; remove_padding_bottom=&#8221;yes&#8221;][vc_column_text css=&#8221;.vc_custom_1586856020245{margin-bottom: 0px !important;}&#8221;]<\/p>\n<h4 style=\"text-align: center; margin-bottom: 0px;\"><em><span style=\"color: #af2b1f;\">Private<\/span><\/em><\/h4>\n<h3 style=\"text-align: center; margin-bottom: 0px;\"><em><span style=\"color: #af2b1f;\">LABEL<\/span><\/em><\/h3>\n<p>[\/vc_column_text][\/vc_column][vc_column width=&#8221;3\/4&#8243; css=&#8221;.vc_custom_1687852182951{border-left-width: 1px !important;padding-left: 30px !important;border-left-color: #008a70 !important;border-left-style: solid !important;}&#8221;][vc_column_text css=&#8221;.vc_custom_1720078955646{margin-bottom: 0px !important;}&#8221;]<\/p>\n<h3>SPEZIALPRODUKTE<\/h3>\n<p>Seit den 1980er Jahren haben wir uns auf die Individualisierung unserer Produkte spezialisiert und sind zu einem weltweiten Partner zahlreicher internationaler Marken geworden.<\/p>\n<p>Die M\u00f6glichkeit, spezielle Kleinserien herzustellen, hat es auch vielen lokalen und nationalen Marken erm\u00f6glicht, ihre Produktpalette zu erweitern, ohne gro\u00dfe Investitionen in Forschung, Entwicklung und Produktion t\u00e4tigen zu m\u00fcssen.<\/p>\n<p>Dieses Ma\u00df an Produktionsflexibilit\u00e4t hat im Laufe der Jahre dazu gef\u00fchrt, dass wir unser Fachwissen durch kontinuierlichen Austausch mit internationalen Herstellern und zunehmend differenzierten Marktsegmenten schnell ausbauen konnten.[\/vc_column_text][\/vc_column][\/vc_row]<\/p>\n","protected":false},"excerpt":{"rendered":"<p>[vc_row][vc_column][vc_column_text css=&#8221;.vc_custom_1720079080480{margin-bottom: 0px !important;}&#8221;] THE FUTURE DOWN TO EARTH Unser Handwerk entwickelt sich st\u00e4ndig weiter. Wir bauen langlebige und einfach zu bedienende Maschinen, um verschiedene Generationen an die Gartenarbeit und die Landwirtschaft heranzuf\u00fchren. Die Gartenarbeiten sollen f\u00fcr jedermann erleichtert und zug\u00e4nglich werden, genau wie der Zugang zur Natur. Unsere Produkte entstehen in Italien und erreichen [&hellip;]<\/p>\n","protected":false},"author":7,"featured_media":0,"parent":0,"menu_order":0,"comment_status":"closed","ping_status":"closed","template":"","meta":{"_acf_changed":false,"inline_featured_image":false,"footnotes":""},"class_list":["post-9949","page","type-page","status-publish","hentry"],"acf":[],"aioseo_notices":[],"_links":{"self":[{"href":"https:\/\/www.eurosystems-spa.it\/de\/wp-json\/wp\/v2\/pages\/9949","targetHints":{"allow":["GET"]}}],"collection":[{"href":"https:\/\/www.eurosystems-spa.it\/de\/wp-json\/wp\/v2\/pages"}],"about":[{"href":"https:\/\/www.eurosystems-spa.it\/de\/wp-json\/wp\/v2\/types\/page"}],"author":[{"embeddable":true,"href":"https:\/\/www.eurosystems-spa.it\/de\/wp-json\/wp\/v2\/users\/7"}],"replies":[{"embeddable":true,"href":"https:\/\/www.eurosystems-spa.it\/de\/wp-json\/wp\/v2\/comments?post=9949"}],"version-history":[{"count":10,"href":"https:\/\/www.eurosystems-spa.it\/de\/wp-json\/wp\/v2\/pages\/9949\/revisions"}],"predecessor-version":[{"id":13441,"href":"https:\/\/www.eurosystems-spa.it\/de\/wp-json\/wp\/v2\/pages\/9949\/revisions\/13441"}],"wp:attachment":[{"href":"https:\/\/www.eurosystems-spa.it\/de\/wp-json\/wp\/v2\/media?parent=9949"}],"curies":[{"name":"wp","href":"https:\/\/api.w.org\/{rel}","templated":true}]}}