

{"id":10077,"date":"2024-03-26T16:42:04","date_gmt":"2024-03-26T15:42:04","guid":{"rendered":"https:\/\/www.eurosystems-spa.itlocator\/"},"modified":"2024-06-24T15:22:47","modified_gmt":"2024-06-24T14:22:47","slug":"locator","status":"publish","type":"page","link":"https:\/\/www.eurosystems-spa.it\/de\/locator\/","title":{"rendered":"Locator"},"content":{"rendered":"<p>[vc_row][vc_column][vc_row_inner][vc_column_inner width=&#8221;2\/3&#8243;][vc_column_text]<span style=\"color: #008a70; font-size: 56px; line-height: 56px; text-transform: uppercase; font-weight: 1000;\">Unsere Fachh\u00e4ndler<\/span>[\/vc_column_text][vc_column_text]<strong style=\"text-transform: uppercase; color: #000000!important; font-size: 24px;\">Beratung und Verkauf zu eurosystems Maschinen, Anbauger\u00e4ten sowie Zubeh\u00f6r<\/strong>[\/vc_column_text][vc_column_text]Mit der Eingabe Ihrer Postleitzahl oder bequem per Lokalisierung erhalten Sie n\u00e4chstgelegene eurosystems-H\u00e4ndler aus unserem H\u00e4ndlerverzeichnis angezeigt. Anschlie\u00dfend haben Sie durch Klick auf das Symbol eines eurosystems-H\u00e4ndlers in der Karte zwei Optionen: Sie k\u00f6nnen eine Online-Anfrage stellen oder sich die Route zur Anfahrt mit dem Auto anzeigen lassen.[\/vc_column_text][vc_raw_html]JTNDYnV0dG9uJTIwY2xhc3MlM0QlMjJteS1wb3NpdGlvbi1idG4lMjBldXJvc3lzdGVtcy1idG4lMjIlM0VMb2thbGlzaWVyZW4lMjBTaWUlMjBtZWluZW4lMjBTdGFuZG9ydCUyMSUzQyUyRmJ1dHRvbiUzRQ==[\/vc_raw_html][vc_raw_html]JTNDZGl2JTIwY2xhc3MlM0QlMjJzZWFyY2gtZ3JvdXAlMjIlM0UlMEElM0NpbnB1dCUyMHR5cGUlM0QlMjJ0ZXh0JTIyJTIwcGxhY2Vob2xkZXIlM0QlMjJTVEFEVCUyMCUyRiUyMFBMWiUyMCUyODUtc3RlbGxpZyUyOSUyMiUyMGNsYXNzJTNEJTIyc2VhcmNoLXRleHQlMjIlMjBuYW1lJTNEJTIyc2VhcmNoLXRleHQlMjIlMjBzdHlsZSUzRCUyMmNvbG9yJTNBJTIwcmdiJTI4MCUyQyUyMDQ3JTJDJTIwOTMlMjklM0IlMjIlM0UlMEElM0NzcGFuJTIwY2xhc3MlM0QlMjJpbnB1dC1ncm91cC1idG4lMjIlM0UlMEElMjAlMjAlM0NidXR0b24lMjB0eXBlJTNEJTIyYnV0dG9uJTIyJTIwY2xhc3MlM0QlMjJidG4lMjBidG4tZGVmYXVsdCUyMHNlYXJjaC1idG4lMjBiZy1ncmVlbiUyMiUzRSUwQSUyMCUyMCUyMCUyMCUyMCUyMCUyMCUyMCUzQ3N2ZyUyMHhtbG5zJTNEJTIyaHR0cCUzQSUyRiUyRnd3dy53My5vcmclMkYyMDAwJTJGc3ZnJTIyJTIwd2lkdGglM0QlMjIxNiUyMiUyMGhlaWdodCUzRCUyMjE2JTIyJTIwZmlsbCUzRCUyMndoaXRlJTIyJTIwY2xhc3MlM0QlMjJiaSUyMGJpLXNlYXJjaCUyMiUyMHZpZXdCb3glM0QlMjIwJTIwMCUyMDE2JTIwMTYlMjIlM0UlMEElMjAlMjAlMjAlMjAlMjAlMjAlMjAlMjAlMjAlMjAlM0NwYXRoJTIwZCUzRCUyMk0xMS43NDIlMjAxMC4zNDRhNi41JTIwNi41JTIwMCUyMDElMjAwLTEuMzk3JTIwMS4zOThoLS4wMDFxLjA0NC4wNi4wOTguMTE1bDMuODUlMjAzLjg1YTElMjAxJTIwMCUyMDAlMjAwJTIwMS40MTUtMS40MTRsLTMuODUtMy44NWExJTIwMSUyMDAlMjAwJTIwMC0uMTE1LS4xek0xMiUyMDYuNWE1LjUlMjA1LjUlMjAwJTIwMSUyMDEtMTElMjAwJTIwNS41JTIwNS41JTIwMCUyMDAlMjAxJTIwMTElMjAwJTIyJTJGJTNFJTBBJTIwJTIwJTIwJTIwJTIwJTIwJTNDJTJGc3ZnJTNFJTBBJTIwJTIwJTIwJTIwJTNDJTJGYnV0dG9uJTNFJTBBJTIwJTIwJTNDJTJGc3BhbiUzRSUwQSUyMCUzQyUyRmRpdiUzRQ==[\/vc_raw_html][\/vc_column_inner][vc_column_inner width=&#8221;1\/3&#8243;][\/vc_column_inner][\/vc_row_inner][vc_column_text]<div id=\"wpgmza_map_13\" class=\"wpgmza_map wpgmza-auto-center\" style=\"display:block;width:100%;height:617px;overflow:hidden;position:relative;\" data-map-id=\"13\" data-maps-engine=\"google-maps\" data-build-engine=\"atlas-novus\" data-shortcode-attributes=\"{&quot;id&quot;:&quot;13&quot;,&quot;zoom&quot;:false,&quot;width&quot;:false,&quot;height&quot;:false,&quot;marker&quot;:false,&quot;classname&quot;:false,&quot;mashup&quot;:false,&quot;mashup_ids&quot;:false,&quot;cat&quot;:false,&quot;type&quot;:&quot;default&quot;,&quot;parent_id&quot;:false,&quot;lat&quot;:false,&quot;lng&quot;:false,&quot;mark_center&quot;:false,&quot;enable_category&quot;:false,&quot;directions_from&quot;:false,&quot;directions_to&quot;:false,&quot;directions_waypoints&quot;:false,&quot;directions_auto&quot;:false,&quot;disable_vgm_form&quot;:false,&quot;redirect_to&quot;:false}\" data-settings=\"{&quot;map_title&quot;:&quot;My first map&quot;,&quot;map_width&quot;:&quot;100&quot;,&quot;map_height&quot;:&quot;617&quot;,&quot;map_start_lat&quot;:&quot;51.033111&quot;,&quot;map_start_lng&quot;:&quot;10.270804&quot;,&quot;map_start_location&quot;:&quot;45.950464398418106,-109.81550500000003&quot;,&quot;map_start_zoom&quot;:&quot;5&quot;,&quot;default_marker&quot;:&quot;&quot;,&quot;type&quot;:&quot;1&quot;,&quot;alignment&quot;:&quot;4&quot;,&quot;directions_enabled&quot;:&quot;0&quot;,&quot;styling_enabled&quot;:&quot;0&quot;,&quot;styling_json&quot;:&quot;&quot;,&quot;active&quot;:&quot;0&quot;,&quot;kml&quot;:&quot;&quot;,&quot;bicycle&quot;:&quot;0&quot;,&quot;traffic&quot;:&quot;0&quot;,&quot;dbox&quot;:&quot;1&quot;,&quot;dbox_width&quot;:&quot;0&quot;,&quot;listmarkers&quot;:&quot;0&quot;,&quot;listmarkers_advanced&quot;:&quot;0&quot;,&quot;filterbycat&quot;:&quot;0&quot;,&quot;ugm_enabled&quot;:&quot;2&quot;,&quot;ugm_category_enabled&quot;:&quot;2&quot;,&quot;fusion&quot;:&quot;&quot;,&quot;map_width_type&quot;:&quot;%&quot;,&quot;map_height_type&quot;:&quot;px&quot;,&quot;mass_marker_support&quot;:&quot;1&quot;,&quot;ugm_access&quot;:&quot;2&quot;,&quot;order_markers_by&quot;:&quot;1&quot;,&quot;order_markers_choice&quot;:&quot;1&quot;,&quot;show_user_location&quot;:&quot;0&quot;,&quot;default_to&quot;:&quot;&quot;,&quot;map_type&quot;:1,&quot;sl_stroke_color&quot;:&quot;#ffffff&quot;,&quot;sl_fill_color&quot;:&quot;#ffffff&quot;,&quot;sl_stroke_opacity&quot;:&quot;&quot;,&quot;sl_fill_opacity&quot;:&quot;&quot;,&quot;transport_layer&quot;:false,&quot;action&quot;:&quot;wpgmza_save_map&quot;,&quot;redirect_to&quot;:&quot;\\\/wp-admin\\\/admin-post.php&quot;,&quot;map_id&quot;:&quot;13&quot;,&quot;wpgmza_savemap&quot;:&quot;Save Map&quot;,&quot;http_referer&quot;:&quot;\\\/wp-admin\\\/admin.php?page=wp-google-maps-menu&amp;amp;action=edit&amp;amp;map_id=1&quot;,&quot;wpgmza_id&quot;:&quot;1&quot;,&quot;wpgmza_start_location&quot;:&quot;51.033111,10.270804&quot;,&quot;wpgmza_start_zoom&quot;:&quot;5&quot;,&quot;wpgmza_map_align&quot;:&quot;2&quot;,&quot;store_locator_enabled&quot;:false,&quot;store_locator_distance&quot;:false,&quot;store_locator_search_area&quot;:&quot;radial&quot;,&quot;wpgmza_store_locator_default_radius&quot;:&quot;10&quot;,&quot;store_locator_auto_area_max_zoom&quot;:&quot;&quot;,&quot;wpgmza_store_locator_radius_style&quot;:&quot;legacy&quot;,&quot;store_locator_component_anchor&quot;:&quot;0&quot;,&quot;wpgmza_store_locator_bounce&quot;:false,&quot;wpgmza_sl_animation&quot;:&quot;1&quot;,&quot;store_locator_query_string&quot;:&quot;&quot;,&quot;store_locator_location_placeholder&quot;:&quot;&quot;,&quot;store_locator_default_address&quot;:&quot;&quot;,&quot;store_locator_name_search&quot;:false,&quot;store_locator_name_string&quot;:&quot;&quot;,&quot;store_locator_not_found_message&quot;:&quot;&quot;,&quot;store_locator_show_distance&quot;:false,&quot;store_locator_category&quot;:false,&quot;wpgmza_store_locator_use_their_location&quot;:true,&quot;wpgmza_store_locator_hide_before_search&quot;:false,&quot;store_locator_nearby_searches&quot;:false,&quot;wpgmza_theme_data&quot;:&quot;[{\\&quot;featureType\\&quot;:\\&quot;landscape\\&quot;,\\&quot;stylers\\&quot;:[{\\&quot;saturation\\&quot;:-100},{\\&quot;lightness\\&quot;:65},{\\&quot;visibility\\&quot;:\\&quot;on\\&quot;}]},{\\&quot;featureType\\&quot;:\\&quot;poi\\&quot;,\\&quot;stylers\\&quot;:[{\\&quot;saturation\\&quot;:-100},{\\&quot;lightness\\&quot;:51},{\\&quot;visibility\\&quot;:\\&quot;simplified\\&quot;}]},{\\&quot;featureType\\&quot;:\\&quot;road.highway\\&quot;,\\&quot;stylers\\&quot;:[{\\&quot;saturation\\&quot;:-100},{\\&quot;visibility\\&quot;:\\&quot;simplified\\&quot;}]},{\\&quot;featureType\\&quot;:\\&quot;road.arterial\\&quot;,\\&quot;stylers\\&quot;:[{\\&quot;saturation\\&quot;:-100},{\\&quot;lightness\\&quot;:30},{\\&quot;visibility\\&quot;:\\&quot;on\\&quot;}]},{\\&quot;featureType\\&quot;:\\&quot;road.local\\&quot;,\\&quot;stylers\\&quot;:[{\\&quot;saturation\\&quot;:-100},{\\&quot;lightness\\&quot;:40},{\\&quot;visibility\\&quot;:\\&quot;on\\&quot;}]},{\\&quot;featureType\\&quot;:\\&quot;transit\\&quot;,\\&quot;stylers\\&quot;:[{\\&quot;saturation\\&quot;:-100},{\\&quot;visibility\\&quot;:\\&quot;simplified\\&quot;}]},{\\&quot;featureType\\&quot;:\\&quot;administrative.province\\&quot;,\\&quot;stylers\\&quot;:[{\\&quot;visibility\\&quot;:\\&quot;off\\&quot;}]},{\\&quot;featureType\\&quot;:\\&quot;water\\&quot;,\\&quot;elementType\\&quot;:\\&quot;labels\\&quot;,\\&quot;stylers\\&quot;:[{\\&quot;visibility\\&quot;:\\&quot;on\\&quot;},{\\&quot;lightness\\&quot;:-25},{\\&quot;saturation\\&quot;:-100}]},{\\&quot;featureType\\&quot;:\\&quot;water\\&quot;,\\&quot;elementType\\&quot;:\\&quot;geometry\\&quot;,\\&quot;stylers\\&quot;:[{\\&quot;hue\\&quot;:\\&quot;#ffff00\\&quot;},{\\&quot;lightness\\&quot;:-25},{\\&quot;saturation\\&quot;:-97}]}]&quot;,&quot;custom_tile_enabled&quot;:false,&quot;custom_tile_image&quot;:&quot;&quot;,&quot;custom_tile_image_width&quot;:&quot;&quot;,&quot;custom_tile_image_height&quot;:&quot;&quot;,&quot;custom_tile_image_attribution&quot;:&quot;&quot;,&quot;iw_primary_color&quot;:&quot;#000000&quot;,&quot;iw_accent_color&quot;:&quot;#000000&quot;,&quot;iw_text_color&quot;:&quot;#000000&quot;,&quot;close_infowindow_on_map_click&quot;:true,&quot;marker_share_links&quot;:false,&quot;wpgmza_listmarkers_by&quot;:&quot;0&quot;,&quot;marker_listing_component_anchor&quot;:&quot;1&quot;,&quot;marker_listing_component_auto_open&quot;:false,&quot;dataTable_pagination_style&quot;:&quot;default&quot;,&quot;category_filter_component_anchor&quot;:&quot;0&quot;,&quot;zoom_level_on_marker_listing_override&quot;:false,&quot;zoom_level_on_marker_listing_click&quot;:&quot;&quot;,&quot;marker_listing_disable_zoom&quot;:false,&quot;datatable_no_result_message&quot;:&quot;&quot;,&quot;remove_search_box_datables&quot;:false,&quot;datatable_search_string&quot;:&quot;&quot;,&quot;datatable_result_start&quot;:&quot;&quot;,&quot;datatable_result_of&quot;:&quot;&quot;,&quot;datatable_result_to&quot;:&quot;&quot;,&quot;datatable_result_total&quot;:&quot;&quot;,&quot;datatable_result_show&quot;:&quot;&quot;,&quot;datatable_result_entries&quot;:&quot;&quot;,&quot;category_legends_enabled&quot;:false,&quot;category_legends_component_anchor&quot;:&quot;8&quot;,&quot;jump_to_nearest_marker_on_initialization&quot;:false,&quot;click_open_link&quot;:false,&quot;wpgmza_zoom_on_marker_click&quot;:false,&quot;wpgmza_zoom_on_marker_click_slider&quot;:&quot;&quot;,&quot;polygon_labels&quot;:false,&quot;disable_polygon_info_windows&quot;:false,&quot;fit_maps_bounds_to_markers&quot;:false,&quot;fit_maps_bounds_to_markers_after_filtering&quot;:false,&quot;automatically_pan_to_users_location&quot;:false,&quot;override_users_location_zoom_level&quot;:false,&quot;override_users_location_zoom_levels&quot;:&quot;&quot;,&quot;show_distance_from_location&quot;:false,&quot;map_starts_in_streetview&quot;:false,&quot;map_starts_in_streetview_location&quot;:&quot;&quot;,&quot;map_starts_in_streetview_heading&quot;:&quot;&quot;,&quot;map_starts_in_streetview_pitch&quot;:&quot;&quot;,&quot;map_max_zoom&quot;:&quot;21&quot;,&quot;map_min_zoom&quot;:&quot;0&quot;,&quot;hide_point_of_interest&quot;:false,&quot;disable_lightbox_images&quot;:false,&quot;use_Raw_Jpeg_Coordinates&quot;:false,&quot;enable_marker_ratings&quot;:false,&quot;only_load_markers_within_viewport&quot;:false,&quot;upload_default_sl_marker&quot;:&quot;&quot;,&quot;upload_default_sl_marker_retina&quot;:false,&quot;wpgmza_store_locator_restrict&quot;:&quot;&quot;,&quot;directions_box_component_anchor&quot;:&quot;1&quot;,&quot;wpgmza_dbox_width_type&quot;:&quot;%&quot;,&quot;default_from&quot;:&quot;&quot;,&quot;directions_behaviour&quot;:&quot;default&quot;,&quot;force_google_directions_app&quot;:false,&quot;directions_route_origin_icon&quot;:&quot;https:\\\/\\\/www.eurosystems-spa.localhost\\\/wp-content\\\/plugins\\\/wp-google-maps\\\/images\\\/spotlight-poi3.png&quot;,&quot;directions_origin_retina&quot;:false,&quot;directions_route_destination_icon&quot;:&quot;https:\\\/\\\/www.eurosystems-spa.localhost\\\/wp-content\\\/plugins\\\/wp-google-maps\\\/images\\\/spotlight-poi3.png&quot;,&quot;directions_destination_retina&quot;:false,&quot;directions_route_stroke_color&quot;:&quot;#4d8df5&quot;,&quot;directions_route_stroke_weight&quot;:&quot;4&quot;,&quot;directions_route_stroke_opacity&quot;:&quot;0.8&quot;,&quot;directions_fit_bounds_to_route&quot;:false,&quot;wpgmza_ol_tile_filter&quot;:&quot;grayscale(100%)&quot;,&quot;upload_default_ul_marker&quot;:&quot;&quot;,&quot;upload_default_ul_marker_retina&quot;:false,&quot;retina&quot;:false,&quot;enable_advanced_custom_fields_integration&quot;:false,&quot;enable_advanced_custom_fields_integration_type&quot;:&quot;&quot;,&quot;enable_toolset_woocommerce_integration&quot;:false,&quot;enable_woo_product_integration&quot;:false,&quot;wpgmza_ugm_upload_images&quot;:2,&quot;wpgmza_ugm_link_enabled&quot;:&quot;2&quot;,&quot;wpgmza_ugm_desc_enabled&quot;:&quot;1&quot;,&quot;wpgmza_ugm_form_header&quot;:&quot;&quot;,&quot;wpgmza_ugm_form_title&quot;:&quot;&quot;,&quot;wpgmza_ugm_form_title_ph&quot;:&quot;&quot;,&quot;wpgmza_ugm_form_address&quot;:&quot;&quot;,&quot;wpgmza_ugm_form_address_ph&quot;:&quot;&quot;,&quot;wpgmza_ugm_form_address_help&quot;:&quot;&quot;,&quot;wpgmza_ugm_form_desc&quot;:&quot;&quot;,&quot;wpgmza_ugm_form_link&quot;:&quot;&quot;,&quot;wpgmza_ugm_form_link_ph&quot;:&quot;&quot;,&quot;wpgmza_ugm_form_image&quot;:&quot;&quot;,&quot;wpgmza_ugm_form_category&quot;:&quot;&quot;,&quot;zoom_after_ugm_submission&quot;:&quot;0&quot;,&quot;wpgmza_theme&quot;:&quot;3&quot;,&quot;id&quot;:13}\" ><\/div>[\/vc_column_text][vc_row_inner][vc_column_inner][vc_column_text]<span style=\"color: #008a70; font-size: 32px; line-height: 48px; text-transform: uppercase; font-weight: 1000;\">Ersatz- bzw. Verschlei\u00dfteil-Service<br \/>\n<\/span>[\/vc_column_text][vc_column_text]<strong style=\"text-transform: uppercase; color: #000000!important; font-size: 24px;\">eurosystems-Ger\u00e4te<\/strong>[\/vc_column_text][vc_column_text]<span style=\"font-size: 14px; color: #000!important;\">Bei Bedarf von\u00a0<strong>Ersatzteilen<\/strong>\u00a0zu <strong>eurosystems Ger\u00e4ten<\/strong>, wenden Sie sich bitte an einen\u00a0<strong>Fachh\u00e4ndler in Ihrer N\u00e4he<\/strong>.\u00a0Sollte dies aus Gr\u00fcnden der Entfernung nicht m\u00f6glich sein, nehmen Sie bitte direkt Kontakt mit uns auf.<\/span>[\/vc_column_text][vc_column_text]<strong style=\"text-transform: uppercase; color: #000000!important; font-size: 24px;\">Holder-Ger\u00e4te<\/strong>[\/vc_column_text][\/vc_column_inner][\/vc_row_inner][vc_row_inner][vc_column_inner el_class=&#8221;align-content-center&#8221; width=&#8221;1\/12&#8243;][vc_single_image image=&#8221;10097&#8243; img_size=&#8221;100 x 18&#8243;][\/vc_column_inner][vc_column_inner width=&#8221;11\/12&#8243;][vc_column_text]<span style=\"font-size: 14px; color: #000!important;\">\u00dcbrigens,\u00a0<strong>Holder-Ersatzteile<\/strong>\u00a0sind auch noch erh\u00e4ltlich. Fragen Sie diese bitte bei der Firma <strong><a href=\"https:\/\/www.frank-motorgeraete.de\/\">Jochen Frank Motorger\u00e4te, Eisenbahnstr. 26 in 73630 Remshalden-Grunbac<\/a>h<\/strong>, an.<\/span>[\/vc_column_text][\/vc_column_inner][\/vc_row_inner][\/vc_column][\/vc_row]<\/p>\n","protected":false},"excerpt":{"rendered":"<p>[vc_row][vc_column][vc_row_inner][vc_column_inner width=&#8221;2\/3&#8243;][vc_column_text]Unsere Fachh\u00e4ndler[\/vc_column_text][vc_column_text]Beratung und Verkauf zu eurosystems Maschinen, Anbauger\u00e4ten sowie Zubeh\u00f6r[\/vc_column_text][vc_column_text]Mit der Eingabe Ihrer Postleitzahl oder bequem per Lokalisierung erhalten Sie n\u00e4chstgelegene eurosystems-H\u00e4ndler aus unserem H\u00e4ndlerverzeichnis angezeigt. Anschlie\u00dfend haben Sie durch Klick auf das Symbol eines eurosystems-H\u00e4ndlers in der Karte zwei Optionen: Sie k\u00f6nnen eine Online-Anfrage stellen oder sich die Route zur Anfahrt mit dem [&hellip;]<\/p>\n","protected":false},"author":7,"featured_media":0,"parent":0,"menu_order":0,"comment_status":"closed","ping_status":"closed","template":"","meta":{"_acf_changed":false,"inline_featured_image":false,"footnotes":""},"class_list":["post-10077","page","type-page","status-publish","hentry"],"acf":[],"aioseo_notices":[],"_links":{"self":[{"href":"https:\/\/www.eurosystems-spa.it\/de\/wp-json\/wp\/v2\/pages\/10077","targetHints":{"allow":["GET"]}}],"collection":[{"href":"https:\/\/www.eurosystems-spa.it\/de\/wp-json\/wp\/v2\/pages"}],"about":[{"href":"https:\/\/www.eurosystems-spa.it\/de\/wp-json\/wp\/v2\/types\/page"}],"author":[{"embeddable":true,"href":"https:\/\/www.eurosystems-spa.it\/de\/wp-json\/wp\/v2\/users\/7"}],"replies":[{"embeddable":true,"href":"https:\/\/www.eurosystems-spa.it\/de\/wp-json\/wp\/v2\/comments?post=10077"}],"version-history":[{"count":10,"href":"https:\/\/www.eurosystems-spa.it\/de\/wp-json\/wp\/v2\/pages\/10077\/revisions"}],"predecessor-version":[{"id":10685,"href":"https:\/\/www.eurosystems-spa.it\/de\/wp-json\/wp\/v2\/pages\/10077\/revisions\/10685"}],"wp:attachment":[{"href":"https:\/\/www.eurosystems-spa.it\/de\/wp-json\/wp\/v2\/media?parent=10077"}],"curies":[{"name":"wp","href":"https:\/\/api.w.org\/{rel}","templated":true}]}}